{"id":2012,"date":"2012-12-29T16:36:46","date_gmt":"2012-12-29T14:36:46","guid":{"rendered":"http:\/\/www.all-things-me.net\/blog\/?page_id=2012"},"modified":"2025-06-14T00:00:40","modified_gmt":"2025-06-13T21:00:40","slug":"book-log-years-1998-2008","status":"publish","type":"page","link":"https:\/\/www.all-things-me.net\/blog\/about-me\/booklog\/book-log-years-1998-2008","title":{"rendered":"Book log, years 1998 &#8211; 2008"},"content":{"rendered":"<p><a title=\"Book log, 2009 \u00e2\u20ac\u201c current\" href=\"http:\/\/www.all-things-me.net\/blog\/about-me\/booklog\">Book log years 2009 &#8211; current<\/a><\/p>\n<h4><span style=\"float: right; position: relative;\">Total: 11 books (ouch)<\/span>2008<\/h4>\n<p>[Nov 5] William Gibson: <em>Virtuaalivalo<\/em> (Virtual Light)<br \/>\n[Oct 9] Clive Barker: Mister B. Gone<br \/>\n[Sep 30] Bruce Sterling (ed.): <em>Peililasit<\/em> (Mirrorshades; a cyberpunk anthology)<br \/>\n[Sep 4] John Twelve Hawks: The Dark River<br \/>\n[Aug 4] Bernard Werber: <em>Muurahaiset<\/em> (Fr &#8220;Les Fourmis&#8221;, Empire of the Ants)<br \/>\n[July 18] Peter Straub: Mr X<br \/>\n[May 2] James Herbert: Moon<br \/>\n[Apr 22] Joe Hill: Heart-Shaped Box<br \/>\n[Mar 25] Iain M. Banks: <em>Aseiden k\u00e4ytt\u00f6<\/em>\u00a0(Use of Weapons)<br \/>\n[Mar 2] Stephen King: Duma Key<br \/>\n[Feb 4] John Twelve Hawks: The Traveller<br \/>\n[Jan 13] Iain M. Banks: <em>Pelaaja<\/em> (The Player of Games)<\/p>\n<h4><span style=\"float: right; position: relative;\">Total: 13 books + 1 short story<\/span>2007<\/h4>\n<p>[Dec 30] Elizabeth Kostova: The Historian<br \/>\n[Oct 26] H.P. Lovecraft: Call of Cthulhu (eBook, short story)<br \/>\n[Sep 24] Aldous Huxley: <em>Uusi uljas maailma<\/em> (Brave New World)<br \/>\n[Sep 9] David Katan: Translating Cultures, An Introduction for Translators, Interpreters and Mediators<br \/>\n[Sep 1] Jonathan Swift: Gulliver&#8217;s Travels (eBook)<br \/>\n[Aug 10] Richard Bachman: Blaze<br \/>\n[Aug 1] Rocky Wood, David Rawsthorne and Norma Blackburn: Stephen King: Uncollected, Unpublished<br \/>\n[June 28] Bill Bryson: Mother Tongue<br \/>\n[June 18] Lionel Shriver: We need to talk about Kevin<br \/>\n[Apr 20] Oscar Wilde: The Picture of Dorian Gray<br \/>\n[Mar 21] Richard Dalby (ed.): Vampire Stories<br \/>\n[Mar 5] Bill Bryson: Down Under<br \/>\n[Feb 25] Stephen King: Lisey&#8217;s Story<br \/>\n[Jan 3] Arturo P\u00c3\u00a9rez-Reverte: <em>Yhdeks\u00e4s Portti<\/em> (El Club Dumas\/Ninth Gate)<\/p>\n<h4><span style=\"float: right; position: relative;\">Total: 16 books<\/span>2006<\/h4>\n<p>[Nov 28] Minette Walters: <em>Isk\u00e4llaren<\/em> (Ice House)<br \/>\n[Nov 14] Kristine Kathryn Rusch: Alien Influences<br \/>\n[Oct 5] Jan Guillou: <em>Pahuus<\/em> (Ondskan; Swedish)<br \/>\n[Sep 7] Bj\u00f6rn Kurt\u00e9n: <em>Musta tiikeri<\/em> (The Dance of the Tiger)<br \/>\n[Aug 19] Lynne Truss: Eats, Shoots &amp; Leaves &#8211; Zero tolerance approach to punctuation<br \/>\n[&#8211;] Anne Rice: The Vampire Chronicles Collection vol. I<br \/>\n[Aug 8] Interview with the Vampire (1\/3 of the Collection)<br \/>\n[July 16] Bill Bryson: A Short History of Nearly Everything<br \/>\n[July 3] Kathy Reichs: Deadly D\u00e9cisions<br \/>\n[May 27] Daniel Burstein: Secrets of the Code<br \/>\n[May 25] Stanley Wiater et.al.: The Stephen King Universe<br \/>\n[Apr 27] Stephen King: Cell<br \/>\n[Apr 6] Dan Simmons: Song of Kali<br \/>\n[Mar 4] Pirkko Muikku-Werner (ed.): <em>Kielipoliisin k\u00e4sikirja<\/em><br \/>\n[Feb 20] Donna Tartt: Secret History<br \/>\n[Jan 13] Stephen King: Colorado Kid<br \/>\n[Jan 5] Stephen King: Insomnia<\/p>\n<h4><span style=\"float: right; position: relative;\">Total: only 13 books<\/span>2005<\/h4>\n<p>[Nov 14] Bill Bryson: Notes from a Big Country<br \/>\n[Oct 29] Stephen King: IT<br \/>\n[Aug 28] Stephen King: The Dark Tower VII: The Dark Tower<br \/>\n[July 1] Stephen King: Firestarter<br \/>\n[June 7] Tim Underwood and Chuck Miller (ed.): <em>Paljaat luut<\/em> (Bare Bones: Conversations on Terror With Stephen King)<br \/>\n[May 30] George Beahm (ed.): The Stephen King Companion<br \/>\n[May 4] Robin Cook: Contagion<br \/>\n[Apr 14] Michael Crichton: The Lost World<br \/>\n[Apr 1] Dan Brown: Deception Point<br \/>\n[Mar 2] Dan Brown: Digital Fortress<br \/>\n[Feb 27] Osmo Ikola: <em>Kielen el\u00e4m\u00e4\u00e4 ja k\u00e4ytt\u00f6\u00e4<\/em><br \/>\n[Feb 21] Dan Brown: Angels and Demons<br \/>\n[Feb 2] Stephen King: Bag of Bones<\/p>\n<h4><span style=\"float: right; position: relative;\">Total: 27 books (or 32, if you count all 5 in Hitchhiker&#8217;s Guide)<\/span>2004<\/h4>\n<p>[Dec 29] Dan Brown: The Da Vinci Code<br \/>\n[Dec 21] Ray Bradbury: Something Wicked This Way Comes<br \/>\n[Dec 13] Ray Bradbury: Fahrenheit 451<br \/>\n[Dec 7] Donna Tartt: The Little Friend<br \/>\n[Dec 4] Stephen King: The Tommyknockers<br \/>\n[Oct 24] Stephen King: &#8216;Salem&#8217;s Lot<br \/>\n[Oct 18] Thomas Harris: the Hannibal Lecter Omnibus<br \/>\n[Oct 18] Hannibal (3\/3 of the Omnibus)<br \/>\n[Oct 08] Silence of the Lambs (2\/3 of the Omnibus)<br \/>\n[Sep xx] Red Dragon (1\/3 of the Omnibus)<br \/>\n[Sep 27] Stephen King: Dark Tower VI &#8212; Song of Susannah<br \/>\n[Sep 02] Douglas Adams: The Ultimate Hitchhiker&#8217;s Guide<br \/>\n[Aug 23] Stephen King: Christine<br \/>\n[Aug 18] Stephen King: Pet Sematary<br \/>\n[Aug 11] Stephen King: From a Buick 8<br \/>\n[Aug 09] Stephen King: Cujo<br \/>\n[Aug 08] Pirjo Hiidenmaa: <em>Suomen kieli &#8212; who cares?<\/em><br \/>\n[July 21] Stephen King: Black House <strong>*100th book in booklog*<\/strong><br \/>\n[June 25] Antoine de Saint-Exup\u00e9ry: The Little Prince<br \/>\n[June 17] Stephen King: Carrie<br \/>\n[June 04] Stephen King: Dark Tower V &#8211; Wolves of the Calla<br \/>\n[Apr 28] Stephen King: The Talisman<br \/>\n[Mar 18] Stephen King: Night Shift<br \/>\n[Feb 07] Stephen King: Eyes of the Dragon<br \/>\n[Feb 01] John Grisham: <em>Kutsu<\/em> (The Summons)<br \/>\n[Jan 16] John Irving: The World According to Garp<br \/>\n[Jan 08] Bill Bryson: Made in America<br \/>\n[Jan 02] Virpi H\u00e4meen-Anttila: <em>Suden vuosi<\/em><\/p>\n<h4><span style=\"float: right; position: relative;\">Total: 27 books (two-part Stand counted as one)<\/span>2003<\/h4>\n<p>[Dec 14] Stephen King: Dark Half<br \/>\n[Dec 01] Stephen King: <em>Kauhun vuodenajat II<\/em> (Different seasons: autumn, winter)<br \/>\n[Nov 25] Stephen King: <em>Tukikohta<\/em> vol. 2 (The Stand &#8212; uncut)<br \/>\n[Nov 19] Terho Itkonen: <em>Selv\u00e4\u00e4 suomea<\/em><br \/>\n[Oct 22] Stephen King: <em>Tukikohta<\/em> vol. 1 (The Stand &#8212; uncut)<br \/>\n[Sep 30] Flann O&#8217;Brien: <em>Kolmas konstaapeli<\/em> (The Third Policeman)<br \/>\n[Sep 23] Stephen King: The Shining<br \/>\n[Sep 02] John Grisham: <em>Petos<\/em> (The Street Lawyer)<br \/>\n[Aug 29] Stephen King: Danse Macabre<br \/>\n[Aug 22] Stephen King: Rose Madder<br \/>\n[Aug 20] Richard Bachman: Thinner<br \/>\n[Aug 14] John Grisham: <em>Partneri<\/em> (The Partner)<br \/>\n[Aug 08] J.K. Rowling: <em>Harry Potter ja Azkabanin vanki<\/em> (Harry Potter and the Prisoner of Azkaban)<br \/>\n[Aug 04] Stephen King: Everything&#8217;s Eventual<br \/>\n[July 25] Wes Craven: Fountain Society<br \/>\n[July 24] Stephen King: Four Past Midnight<br \/>\n[July 17] Eoin Colfer: Artemis Fowl<br \/>\n[July 15] Stephen King: On Writing<br \/>\n[June 04] Stephen King: Gerald&#8217;s Game<br \/>\n[May 23] Stephen King: <em>Anteeksi, oikea numero<\/em> (Nightmares and Dreamscapes 2nd half)<br \/>\n[Apr 08] Stephen King: Hearts in Atlantis<br \/>\n[Mar 12] Stephen King: <em>Rita Hayworth &#8211; Avain pakoon<\/em><br \/>\n(not sure what this is, as I&#8217;ve also read Different seasons in the two volumes that it was published in in Finnish&#8230;)<br \/>\n[Feb xx] Stephen King: Dead Zone<br \/>\n[Feb 04] Stephen King: Green Mile<br \/>\n[Jan 25] Stephen King: Dark Tower IV &#8211; Wizard and Glass<br \/>\n[Jan 07] Stephen King: <em>Yksin\u00e4inen sormi<\/em> (Nightmares and Dreamscapes 1st half)<br \/>\n[Jan 03] Alexis Kouros: <em>Harmattan, Kulkija ja Unisieppari<\/em><br \/>\n[Jan 02] Alexis Kouros: <em>Gondwanan Lapset<\/em><\/p>\n<h4><span style=\"float: right; position: relative;\">Total: 20 books<\/span>2002<\/h4>\n<p>[Nov 23] Stephen King: Bag of Bones<br \/>\n[Nov 04] Stephen King: <em>J\u00e4lkeen keskiy\u00f6n<\/em> (Skeleton Crew, 2nd half)<br \/>\n[Oct 17] Richard Bachman: Running Man<br \/>\n[Oct 16] Maija L\u00e4nsim\u00e4ki (editor): <em>Sanalla sanoen &#8211; pakinoita suomen kielest\u00e4<\/em><br \/>\n[Oct 12] Richard Bachman: Roadwork<br \/>\n[Oct 03] Stephen King: Dolores Claiborne<br \/>\n[Sep 16] Stephen King: The Girl Who Loved Tom Gordon<br \/>\n[Sep 13] Stephen King: Dark Tower III &#8211; The Wastelands<br \/>\n[Sep 05] Stephen King: Dark Tower II &#8211; Drawing of the Three<br \/>\n[Sep 02] Stephen King: Cycle of the Werewolf<br \/>\n[Sep 01] Richard Bachman: The Regulators<br \/>\n[Aug 12] Stephen King: Dark Tower I &#8211; Gunslinger<br \/>\n[Aug 03] Stephen King: <em>Tarpeellista tavaraa<\/em> (Needful Things)<br \/>\n[Jul 31] John Grisham: <em>Testamentti<\/em> (The Testament)<br \/>\n[Jul 27] John Grisham: <em>Firma<\/em> (The Firm)<br \/>\n[Jul 12] Stephen King: <em>Ep\u00e4toivon kaupunki<\/em> (Desperation)<br \/>\n[Jul 09] J.D. Salinger: The Catcher in the Rye (Penguin Book; I&#8217;d read everything else&#8230;)<br \/>\n[Jul 06] Richard Bachman: <em>Pitk\u00e4 marssi<\/em> (Long Walk)<br \/>\n[Jul 05] Richard Bachman: <em>Raivo<\/em> (Rage)<br \/>\n[Jul 01] Stephen King: Dreamcatcher<\/p>\n<p><em>Ouch. There is a big gap here&#8230; maybe because of finals and university entrance exams etc.<\/em><\/p>\n<h4><span style=\"float: right; position: relative;\">Total: 4 books (eek)<\/span>2001<\/h4>\n<p>[Mar 14] Stephen King: <em>Painajainen<\/em> (Salem&#8217;s Lot)<br \/>\n[Feb 25] Heta H\u00e4yry, Hannu Karttunen, Matti Viitanen et. al. (editors): <em>Paholaisen asianajaja &#8211; opaskirja skeptikolle<\/em><br \/>\n[Jan 06] George Orwell: <em>El\u00e4inten vallankumous<\/em> (Animal Farm)<br \/>\n[Jan 1] P\u00e4ivi Alasalmi: <em>Vainola<\/em><\/p>\n<h4><span style=\"float: right; position: relative;\">Total: 19 books<\/span>2000<\/h4>\n<p>[Dec 23] Paul Cornell, Martin Day, Keith Topping: X-Treme Possibilities<br \/>\n[Nov 06] Arvid J\u00e4rnefelt: <em>Is\u00e4nmaa<\/em><br \/>\n[Nov 04] Juhani Aho: <em>Juha<\/em><br \/>\n[Oct 20] Eino Leino: <em>Hymyilev\u00e4 Apollo<\/em><br \/>\n[Sep 30] Les Martin: <em>X-Files: Tappava pelko<\/em><br \/>\n[Sep 08] G\u00c3\u00bcnter Grass: <em>Minun vuosisatani<\/em><br \/>\n[Aug 19] Brian Lowry: The Truth is Out There<br \/>\n[Aug 14] Veijo Meri: <em>Manillak\u00f6ysi<\/em><br \/>\n[Aug 13] Mika Waltari: <em>Sinuhe Egyptil\u00e4inen<\/em><br \/>\n[Aug 01] F.E. Sillanp\u00e4\u00e4: <em>Hurskas kurjuus<\/em><br \/>\n[Jul 23] Maiju Lassila: <em>Tulitikkuja lainaamassa<\/em><br \/>\n[Jul 17] Maria Jotuni: <em>Kun on tunteet<\/em><br \/>\n[Jun\/Jul 15] Ilmari Kianto: <em>Punainen viiva<\/em><br \/>\n[Jul 06] Kevin J. Anderson: <em>Vasta-aine<\/em> (an X-Files book)<br \/>\n[May 24] Jostein Gaarder: <em>Sofian maailma<\/em><br \/>\n[May 22] Moli\u00c3\u00a8re: <em>Saituri<\/em><br \/>\n[May 17] Henrik Ibsen: <em>Nukkekoti<\/em><br \/>\n[May 10] Nikolai Gogol: <em>Kuolleet sielut<\/em><br \/>\n[Feb 27] Robert McLiam Wilson: Eureka Street Belfast<\/p>\n<h4><span style=\"float: right; position: relative;\">Total: 16 books<\/span>1999<\/h4>\n<p>[Nov 25] Edward L. Ferman, Anne Jordan (ed.). The Best of Modern Horror<br \/>\n[Nov 11] Rauni-Leena Luukanen-Kilde: <em>Kuka h\u00e4n on?<\/em><br \/>\n[Sep 29] Amy Tan: <em>Ilon ja onnen tarinat<\/em><br \/>\n[Sep 14] Louise Erdrich: <em>Anna meille siivet<\/em><br \/>\n[Aug 05] Jeff Gelb (ed.): <em>Rock on rajaton kauhu<\/em><br \/>\n[Jul 17] Aino Kallas: <em>Sudenmorsian<\/em><br \/>\n[Jul 09] Alexis Kouros: <em>Harmattan, kulkija ja Unisieppari<\/em><br \/>\n[Jul 06] Alexis Kouros: <em>Gondwanan lapset<\/em><br \/>\n[Jul 01] Stephen King: <em>Kauhun vuodenajat<\/em> (Different Seasons, 2 of the 4 stories)<br \/>\n[Jun 22] Ellen Steiber: Shapes (an X-Files book)<br \/>\n[Apr 18] Charles Berlitz: <em>Roswellin lent\u00e4v\u00e4n lautasen arvoitus<\/em><br \/>\n[Apr 05] Stephen King: <em>Piina<\/em> (Misery)<br \/>\n[Mar 28] Anne Frank: <em>Nuoren tyt\u00f6n p\u00e4iv\u00e4kirja<\/em><br \/>\n[Feb 25] Tapani Kuningas, Teuvo E. Laitinen, Markku L\u00f6fman: <em>100 Ufoa Suomessa<\/em><br \/>\n[Jan 24] Philip K. Dick: <em>Mahdoton planeetta<\/em><br \/>\n[Jan 20] Les Martin: <em>Tappava pelko<\/em> (an X-Files book)<\/p>\n<h4><span style=\"float: right; position: relative;\">Total: 2 books<\/span>1998<\/h4>\n<p>[Dec 13] Nancy A. Collins: <em>Musta y\u00f6 &#8211; tummat lasit<\/em><br \/>\n[Dec 10] Les Martin: <em>Ihmissalama<\/em> (an X-Files book)<\/p>\n<p><em>At the beginning of senior high we were asked to keep a booklog while reading mandatory 10 Finnish classics for a course. I&#8217;ve kept up the log since then.<\/em><\/p>\n","protected":false},"excerpt":{"rendered":"<p>Book log years 2009 &#8211; current Total: 11 books (ouch)2008 [Nov 5] William Gibson: Virtuaalivalo (Virtual Light) [Oct 9] Clive Barker: Mister B. Gone [Sep 30] Bruce Sterling (ed.): Peililasit (Mirrorshades; a cyberpunk anthology) [Sep 4] John Twelve Hawks: The Dark River [Aug 4] Bernard Werber: Muurahaiset (Fr &#8220;Les Fourmis&#8221;, Empire of the Ants) [July [&hellip;]<\/p>\n","protected":false},"author":1,"featured_media":0,"parent":258,"menu_order":0,"comment_status":"closed","ping_status":"closed","template":"","meta":{"footnotes":""},"class_list":["post-2012","page","type-page","status-publish","hentry"],"_links":{"self":[{"href":"https:\/\/www.all-things-me.net\/blog\/wp-json\/wp\/v2\/pages\/2012","targetHints":{"allow":["GET"]}}],"collection":[{"href":"https:\/\/www.all-things-me.net\/blog\/wp-json\/wp\/v2\/pages"}],"about":[{"href":"https:\/\/www.all-things-me.net\/blog\/wp-json\/wp\/v2\/types\/page"}],"author":[{"embeddable":true,"href":"https:\/\/www.all-things-me.net\/blog\/wp-json\/wp\/v2\/users\/1"}],"replies":[{"embeddable":true,"href":"https:\/\/www.all-things-me.net\/blog\/wp-json\/wp\/v2\/comments?post=2012"}],"version-history":[{"count":4,"href":"https:\/\/www.all-things-me.net\/blog\/wp-json\/wp\/v2\/pages\/2012\/revisions"}],"predecessor-version":[{"id":2778,"href":"https:\/\/www.all-things-me.net\/blog\/wp-json\/wp\/v2\/pages\/2012\/revisions\/2778"}],"up":[{"embeddable":true,"href":"https:\/\/www.all-things-me.net\/blog\/wp-json\/wp\/v2\/pages\/258"}],"wp:attachment":[{"href":"https:\/\/www.all-things-me.net\/blog\/wp-json\/wp\/v2\/media?parent=2012"}],"curies":[{"name":"wp","href":"https:\/\/api.w.org\/{rel}","templated":true}]}}